{"id":3916,"date":"2025-04-14T15:01:31","date_gmt":"2025-04-14T15:01:31","guid":{"rendered":"https:\/\/hava.mitclima.ro\/?page_id=3916"},"modified":"2025-04-14T15:14:48","modified_gmt":"2025-04-14T15:14:48","slug":"protectia-datelor-cu-caracter-personal","status":"publish","type":"page","link":"https:\/\/hava-hvac.com\/en\/protectia-datelor-cu-caracter-personal\/","title":{"rendered":"Personal Data Protection Policy"},"content":{"rendered":"<div data-elementor-type=\"wp-page\" data-elementor-id=\"3916\" class=\"elementor elementor-3916\">\n\t\t\t\t<div class=\"elementor-element elementor-element-1c06fa2 e-flex e-con-boxed e-con e-parent\" data-id=\"1c06fa2\" data-element_type=\"container\" data-settings=\"{&quot;background_background&quot;:&quot;classic&quot;,&quot;tc_container_background_parallax&quot;:&quot;no&quot;,&quot;tcg_advanced_hover&quot;:&quot;no&quot;,&quot;tc_dark_mode_responsive_hide_in_dark&quot;:&quot;no&quot;,&quot;tc_dark_mode_responsive_hide_in_light&quot;:&quot;no&quot;}\">\n\t\t\t\t\t<div class=\"e-con-inner\">\n\t\t\t\t<div class=\"elementor-element elementor-element-1e861124 elementor-widget elementor-widget-heading\" data-id=\"1e861124\" data-element_type=\"widget\" data-settings=\"{&quot;tc_dark_mode_responsive_hide_in_dark&quot;:&quot;no&quot;,&quot;tc_dark_mode_responsive_hide_in_light&quot;:&quot;no&quot;}\" data-widget_type=\"heading.default\">\n\t\t\t\t<div class=\"elementor-widget-container\">\n\t\t\t\t\t<h1 class=\"elementor-heading-title elementor-size-default\">Personal Data Protection Policy<\/h1>\t\t\t\t<\/div>\n\t\t\t\t<\/div>\n\t\t\t\t\t<\/div>\n\t\t\t\t<\/div>\n\t\t<div class=\"elementor-element elementor-element-cfc5e00 e-flex e-con-boxed e-con e-parent\" data-id=\"cfc5e00\" data-element_type=\"container\" data-settings=\"{&quot;background_background&quot;:&quot;classic&quot;,&quot;tc_container_background_parallax&quot;:&quot;no&quot;,&quot;tcg_advanced_hover&quot;:&quot;no&quot;,&quot;tc_dark_mode_responsive_hide_in_dark&quot;:&quot;no&quot;,&quot;tc_dark_mode_responsive_hide_in_light&quot;:&quot;no&quot;}\">\n\t\t\t\t\t<div class=\"e-con-inner\">\n\t\t\t\t<div class=\"elementor-element elementor-element-1967ad57 elementor-widget elementor-widget-text-editor\" data-id=\"1967ad57\" data-element_type=\"widget\" data-settings=\"{&quot;tc_dark_mode_responsive_hide_in_dark&quot;:&quot;no&quot;,&quot;tc_dark_mode_responsive_hide_in_light&quot;:&quot;no&quot;}\" data-widget_type=\"text-editor.default\">\n\t\t\t\t<div class=\"elementor-widget-container\">\n\t\t\t\t\t\t\t\t\t<p>Starting from 25 May 2018, <a href=\"http:\/\/www.dataprotection.ro\/servlet\/ViewDocument?id=1262\" target=\"_blank\" rel=\"noopener\"><span style=\"text-decoration: underline;\"><strong>Regulation (EU) 2016\/679 on the protection of natural persons with regard to the processing of personal data and on the free movement of such data and repealing Directive 95\/46\/EC (General Data Protection Regulation), hereinafter referred to as the \u201cGDPR Regulation\u201d, applies.<\/strong><\/span><\/a><\/p><p><em><strong>1. Definitions:<\/strong><\/em><br \/>\u25cf <strong>Controller<\/strong> = The controller responsible for data processing within the meaning of the GDPR Regulation is <em><strong>S.C. MIT CLIMA DISTRIBUTION S.R.L<\/strong><\/em>with its registered office in Bucharest, \u0218oseaua Virtu\u021bii 19D, Sector 6, registered with the Trade Register under no. J40\/8173\/2010, C.I.F. RO 27326182, Tel: 0372 724 768, E-mail: <a href=\"mailto:office@mitclima.ro\">office@mitclima.ro<\/a> .<br \/>\u25cf <strong>Data subject<\/strong> = an identified or identifiable natural person (who can be identified, directly or indirectly, in particular by reference to an identifier such as a name, identification number, location data, an online identifier, or to one or more factors specific to their physical, physiological, genetic, mental, economic, cultural, or social identity). The data subject may be a person requesting a service offered by the Controller, as well as any other natural person whose personal data are transmitted to the Controller (for example, a client or potential client, a candidate for a specific job position, a user of the Controller\u2019s website, etc.).<br \/>\u25cf <strong>Categories of processed data<\/strong> = Personal data (first name, last name, date of birth, address, phone number, and email address, etc.) are processed by us only if you enter such data in a section of the website or transmit them to us by email.<br \/>\u25cf <strong>Processing of personal data<\/strong>\u00a0= means any operation or set of operations performed on personal data or on sets of personal data, whether or not by automated means, such as collection, recording, organization, structuring, storage, adaptation or alteration, retrieval, consultation, use, disclosure by transmission, dissemination or otherwise making available, alignment or combination, restriction, erasure, or destruction.<\/p><p><em><strong>2. Purpose of personal data processing:<\/strong><\/em><br \/><strong>a. Website access:<\/strong><br \/>Each time a user accesses a page from our offer and each time a file is opened, access data are stored by us and partially by third parties in the form of log files. Each data set includes: the webpage from which you access our page, the IP address, the date and time of access, the client request, the HTTP response code, the amount of data transferred, information about the browser and operating system used by you.<br \/><strong>b. Geographical location:<\/strong><br \/>Through geographical location based on the IP address, it is technically possible to estimate the location of the internet user.<br \/><em>Certain traffic data (such as IP addresses or other device identifiers used to access our website) may, in certain circumstances, constitute personal data and will be treated as such.<\/em><\/p><p><em><strong>3. Legal basis<\/strong><\/em><br \/>This consists of the Controller\u2019s legitimate interest in preventing online fraud and ensuring the general functionality of the website, the performance of a contract, and the consent of the data subject, as applicable.<\/p><p><em><strong>4. Data subject rights regarding personal data processing<\/strong><\/em><br \/>a. <em><span style=\"text-decoration: underline;\">Right to information and access:<\/span><\/em> the right to obtain confirmation as to whether or not personal data concerning you are being processed and, if so, access to those data.<br \/>b. <span style=\"text-decoration: underline;\"><em>Right to rectification:<\/em><\/span> the right to request and obtain from the Controller, without undue delay, the rectification of inaccurate personal data concerning you and\/or completion of incomplete personal data, noting that in the case of an online account you may perform these changes yourself in the account editing section.<br \/>c. <span style=\"text-decoration: underline;\"><em>Right to erasure (\u201cright to be forgotten\u201d):<\/em><\/span> the right to obtain the erasure of personal data concerning you without undue delay, where certain grounds provided by the GDPR Regulation apply.<br \/>d. <span style=\"text-decoration: underline;\"><em>Right to restriction of processing:<\/em><\/span> the right to obtain restriction of processing in certain cases.<br \/>e. <span style=\"text-decoration: underline;\"><em>Right to data portability:<\/em><\/span> the right to receive personal data concerning you and to transmit them to another controller.<br \/>f. <span style=\"text-decoration: underline;\"><em>Right to object:<\/em> <\/span>you have the right to object at any time to the processing of your personal data, in accordance with the GDPR Regulation.<br \/>g. <span style=\"text-decoration: underline;\"><em>Right not to be subject to a decision based solely on automated processing<\/em><\/span>, including profiling, which produces legal effects concerning you or similarly significantly affects you.<br \/>h. <span style=\"text-decoration: underline;\"><em>Right to lodge a complaint with the National Supervisory Authority for Personal Data Processing (ANSPDCP)<\/em><\/span> if you consider that your data have not been processed in accordance with legal provisions.<\/p><p><em><strong>5. Exercising your rights<\/strong><\/em><br \/>To exercise the above rights, please submit a written, dated, and signed request to the email address: <a href=\"mailto:dataprotection@mitclima.ro\"><strong>dataprotection@mitclima.ro<\/strong><\/a><br \/>Within a maximum of one month from receipt of your request, you will be provided with information regarding the actions taken or, where applicable, the reasons why the requested measures cannot be taken.<br \/>In order to respond to a request for access to personal data, we will take all reasonable measures to verify the identity of the data subject.<br \/>According to the GDPR Regulation, the above response period may be extended by up to two months if necessary, taking into account the complexity and number of requests, and you will be informed accordingly.<\/p><p><em><strong>6. Disclosure of personal data to public institutions, courts of law, and competent authorities<\/strong><\/em><br \/>In special cases, where required by law, the Controller may provide competent institutions with information regarding personal data.<\/p><p><em><strong>7. GOOGLE ADWORDS\/ANALYTICS web analytics service<\/strong><\/em><br \/>Our website uses the \u201cGoogle Adwords\/Analytics\u201d web analytics service provided by Google Inc. for statistical purposes.<br \/>This website uses Google Analytics, a web analytics service provided by Google, Inc. (\u201cGoogle\u201d), which in turn uses cookies. The information generated by the cookie about your use of the website will be transmitted to and stored on Google servers in the USA.<br \/>If IP anonymization is activated, your IP address will be shortened within the territory of the Member States of the European Union or other parties to the European Economic Area. Only in exceptional cases will the full IP address be transmitted to a Google server in the USA and shortened there. IP anonymization is enabled for this website. Google will use this information on behalf of the operator of this website to evaluate your use of the website, compile reports on website activity for website operators, and provide other services related to website activity and internet usage.<br \/>The IP address transmitted by your browser will not be associated with other data held by Google. You can refuse the use of cookies by selecting the appropriate settings in your browser; however, in this case you may not be able to use all functionalities of the website. You can also opt out of Google Analytics in the future by downloading and installing the Google Analytics Opt-out Browser Add-on for your browser: <a href=\"https:\/\/tools.google.com\/dlpage\/gaoptout?hl=en\" target=\"_blank\" rel=\"noopener\">https:\/\/tools.google.com\/dlpage\/gaoptout?hl=en<\/a> .<br \/>Additional information is available on the pages: <a href=\"https:\/\/www.google.com\/analytics\/terms\/us.html\" target=\"_blank\" rel=\"noopener\">Google Analytics<\/a> terms of service and <a href=\"https:\/\/policies.google.com\/?hl=en\" target=\"_blank\" rel=\"noopener\">Google Analytics<\/a> .<\/p><p><em><strong>8. Legal framework<\/strong><\/em><\/p><p>Regulation (EU) 2016\/679 on the protection of natural persons with regard to the processing of personal data and on the free movement of such data and repealing Directive 95\/46\/EC (General Data Protection Regulation) (available at <a href=\"http:\/\/dataprotection.ro\/?page=Regulamentul_nr_679_2016\" target=\"_blank\" rel=\"noopener\">http:\/\/dataprotection.ro\/?page=Regulamentul_nr_679_2016<\/a> ).<\/p><p>\u2013 Law no. 506\/2004 regarding the processing of personal data and the protection of privacy in the electronic communications sector.<\/p><p>Top-level management undertakes to ensure that this privacy policy is observed by all employees through the implementation of specific internal procedures and rules regarding the protection of personal data, in accordance with the applicable legal framework governing such processing.<\/p><p style=\"text-align: center;\"><strong>Document last updated on 01.04.2025.<\/strong><\/p><p>\u00a0<\/p>\t\t\t\t\t\t\t\t<\/div>\n\t\t\t\t<\/div>\n\t\t\t\t<div class=\"elementor-element elementor-element-1d156a07 elementor-widget elementor-widget-spacer\" data-id=\"1d156a07\" data-element_type=\"widget\" data-settings=\"{&quot;tc_dark_mode_responsive_hide_in_dark&quot;:&quot;no&quot;,&quot;tc_dark_mode_responsive_hide_in_light&quot;:&quot;no&quot;}\" data-widget_type=\"spacer.default\">\n\t\t\t\t<div class=\"elementor-widget-container\">\n\t\t\t\t\t\t\t<div class=\"elementor-spacer\">\n\t\t\t<div class=\"elementor-spacer-inner\"><\/div>\n\t\t<\/div>\n\t\t\t\t\t\t<\/div>\n\t\t\t\t<\/div>\n\t\t\t\t\t<\/div>\n\t\t\t\t<\/div>\n\t\t\t\t<\/div>","protected":false},"excerpt":{"rendered":"<p>Protec\u021bia datelor cu caracter personal \u00cencep\u00e2nd cu data de 25 mai 2018, se aplic\u0103 Regulamentul (UE) 2016\/679 privind protectia persoanelor fizice in ceea ce priveste prelucrarea datelor cu caracter personal \u0219i privind libera circula\u021bie a acestor date si de abrogare a Directivei 95\/46\/CE (Regulamentul general privind protectia datelor) denumit in continuare \u201eRegulamentul GDPR\u201d. 1. Defini\u021bii:\u25cf Operator = Operatorul responsabil pentru &hellip;<\/p>","protected":false},"author":1,"featured_media":0,"parent":0,"menu_order":0,"comment_status":"closed","ping_status":"closed","template":"blank-builder.php","meta":{"footnotes":""},"class_list":["post-3916","page","type-page","status-publish","hentry"],"_links":{"self":[{"href":"https:\/\/hava-hvac.com\/en\/wp-json\/wp\/v2\/pages\/3916","targetHints":{"allow":["GET"]}}],"collection":[{"href":"https:\/\/hava-hvac.com\/en\/wp-json\/wp\/v2\/pages"}],"about":[{"href":"https:\/\/hava-hvac.com\/en\/wp-json\/wp\/v2\/types\/page"}],"author":[{"embeddable":true,"href":"https:\/\/hava-hvac.com\/en\/wp-json\/wp\/v2\/users\/1"}],"replies":[{"embeddable":true,"href":"https:\/\/hava-hvac.com\/en\/wp-json\/wp\/v2\/comments?post=3916"}],"version-history":[{"count":13,"href":"https:\/\/hava-hvac.com\/en\/wp-json\/wp\/v2\/pages\/3916\/revisions"}],"predecessor-version":[{"id":3937,"href":"https:\/\/hava-hvac.com\/en\/wp-json\/wp\/v2\/pages\/3916\/revisions\/3937"}],"wp:attachment":[{"href":"https:\/\/hava-hvac.com\/en\/wp-json\/wp\/v2\/media?parent=3916"}],"curies":[{"name":"wp","href":"https:\/\/api.w.org\/{rel}","templated":true}]}}