{"id":3863,"date":"2025-04-14T14:23:46","date_gmt":"2025-04-14T14:23:46","guid":{"rendered":"https:\/\/hava.mitclima.ro\/?page_id=3863"},"modified":"2025-04-14T14:57:49","modified_gmt":"2025-04-14T14:57:49","slug":"politica-de-utilizare-cookie-uri","status":"publish","type":"page","link":"https:\/\/hava-hvac.com\/en\/politica-de-utilizare-cookie-uri\/","title":{"rendered":"Cookie Policy"},"content":{"rendered":"<div data-elementor-type=\"wp-page\" data-elementor-id=\"3863\" class=\"elementor elementor-3863\">\n\t\t\t\t<div class=\"elementor-element elementor-element-3f43905b e-flex e-con-boxed e-con e-parent\" data-id=\"3f43905b\" data-element_type=\"container\" data-settings=\"{&quot;background_background&quot;:&quot;classic&quot;,&quot;tc_container_background_parallax&quot;:&quot;no&quot;,&quot;tcg_advanced_hover&quot;:&quot;no&quot;,&quot;tc_dark_mode_responsive_hide_in_dark&quot;:&quot;no&quot;,&quot;tc_dark_mode_responsive_hide_in_light&quot;:&quot;no&quot;}\">\n\t\t\t\t\t<div class=\"e-con-inner\">\n\t\t\t\t<div class=\"elementor-element elementor-element-3b79e347 elementor-widget elementor-widget-heading\" data-id=\"3b79e347\" data-element_type=\"widget\" data-settings=\"{&quot;tc_dark_mode_responsive_hide_in_dark&quot;:&quot;no&quot;,&quot;tc_dark_mode_responsive_hide_in_light&quot;:&quot;no&quot;}\" data-widget_type=\"heading.default\">\n\t\t\t\t<div class=\"elementor-widget-container\">\n\t\t\t\t\t<h1 class=\"elementor-heading-title elementor-size-default\">Cookie Policy<\/h1>\t\t\t\t<\/div>\n\t\t\t\t<\/div>\n\t\t\t\t\t<\/div>\n\t\t\t\t<\/div>\n\t\t<div class=\"elementor-element elementor-element-235ec509 e-flex e-con-boxed e-con e-parent\" data-id=\"235ec509\" data-element_type=\"container\" data-settings=\"{&quot;background_background&quot;:&quot;classic&quot;,&quot;tc_container_background_parallax&quot;:&quot;no&quot;,&quot;tcg_advanced_hover&quot;:&quot;no&quot;,&quot;tc_dark_mode_responsive_hide_in_dark&quot;:&quot;no&quot;,&quot;tc_dark_mode_responsive_hide_in_light&quot;:&quot;no&quot;}\">\n\t\t\t\t\t<div class=\"e-con-inner\">\n\t\t\t\t<div class=\"elementor-element elementor-element-1b10a18d elementor-widget elementor-widget-text-editor\" data-id=\"1b10a18d\" data-element_type=\"widget\" data-settings=\"{&quot;tc_dark_mode_responsive_hide_in_dark&quot;:&quot;no&quot;,&quot;tc_dark_mode_responsive_hide_in_light&quot;:&quot;no&quot;}\" data-widget_type=\"text-editor.default\">\n\t\t\t\t<div class=\"elementor-widget-container\">\n\t\t\t\t\t\t\t\t\t<p><em><strong>1. Cookie Policy<\/strong><\/em><br \/>This policy refers to cookies and similar technologies used, as applicable, on the website <a href=\"http:\/\/hava-hvac.com\/en\/\"><strong>hava-hvac.com<\/strong><\/a>.<br \/>Cookies are used for the following purposes:<br \/>\u2022 for the operation of the website,<br \/>\u2022 for analyzing visitor behavior on the website,<br \/>\u2022 for advertising.<br \/>This policy is supplemented by the hava-hvac.com policy regarding the protection of personal data.<\/p><p><em><strong>2. What is a Cookie<\/strong><\/em><br \/>A cookie is a small file consisting of letters and numbers that will be stored on a user\u2019s computer, mobile device, or other equipment used to access the internet.<br \/>The cookie is installed through a request sent by a web server to a browser (e.g., Internet Explorer, Chrome) and is completely \u201cpassive\u201d (it does not contain software programs, viruses, or spyware and cannot access information on the user\u2019s hard drive). From a technical perspective, only the web server that sent the cookie can access it again when a user returns to the web page associated with that server.<\/p><p><em><strong>3. What are scripts?<\/strong><\/em><br \/>A script is a piece of code (program) used to ensure that our website functions properly and interactively. This code is executed either on our server or on your device.<\/p><p><em><strong>4. What is a web beacon?<\/strong><\/em><br \/>A \u201cweb beacon\u201d (or \u201cpixel tag\u201d) is a small invisible piece of text or image placed on a website to monitor traffic. For this purpose, web beacons may store various data about you.<\/p><p><em><strong>5. What are cookies used for?<\/strong><\/em><br \/>These files enable recognition of the user\u2019s device and presentation of content in a relevant manner, tailored to user preferences. Cookies ensure a smooth browsing experience and support our efforts to provide user-friendly services. They are also used to generate aggregated anonymous statistics that help us understand how users benefit from our website, allowing us to improve its structure and content, without identifying users personally.<br \/>Cookies are used to provide users of this website with a better browsing experience and services tailored to each user\u2019s needs and interests, namely for:<br \/>\u2013 improving the use of this website, including by identifying any errors that occur during users\u2019 visits\/use;<br \/>\u2013 providing anonymous statistics on how this website is used to MIT Clima, as the owner of the website;<br \/>\u2013 anticipating potential goods that may be made available to users in the future through this website, based on accessed services\/products.<\/p><p>Based on feedback transmitted through cookies regarding how this website is used, <strong>MIT CLIMA DISTRIBUTION SRL<\/strong> may take measures to make the website more efficient and accessible for users.<br \/>Thus, the use of cookies allows storing certain settings\/preferences set by users of this website, such as:<br \/>\u2013 the language in which a webpage is displayed;<br \/>\u2013 the currency in which certain prices or fees are displayed;<br \/>\u2013 facilitating access to user accounts;<br \/>\u2013 posting comments on the website.<\/p><p><em><strong>6. What cookies do we use?<\/strong><\/em><br \/>We use two types of cookies: session cookies and persistent cookies.<br \/>Session cookies are temporary files that remain on the user\u2019s device until the session ends or the application (web browser) is closed.<br \/>Persistent cookies remain on the user\u2019s device for a period defined by the cookie parameters or until they are manually deleted by the user.<\/p><p><em><strong>7. How are cookies used by hava-hvac.com?<\/strong><\/em><br \/>A visit to this website may place the following types of cookies:<br \/>\u2022 strictly necessary cookies for the operation of the website<br \/>\u2022 analytics cookies<br \/>\u2022 advertising cookies<br \/>Strictly necessary cookies and\/or similar technologies are essential for the proper functioning of the website and are set on your device when accessing the site or as a result of actions performed on the site. You may configure your browser to block cookies, but in this case certain sections of the website may not function properly.<br \/>By using\/visiting the website, the following cookies may be placed:<br \/>\u2013 technical or functional cookies;<br \/>\u2013 user analytics cookies;<br \/>\u2013 geotargeting cookies;<br \/>\u2013 registration cookies;<br \/>\u2013 advertising cookies;<br \/>\u2013 cookies from advertising providers;<\/p><p>a. Technical or functional cookies<br \/>Some cookies ensure that certain parts of the website function properly and that your user preferences remain known. By placing functional cookies, it becomes easier for you to visit our website. In this way, you do not need to repeatedly enter the same information when visiting our website and, for example, items remain in the shopping cart until payment. We may place these cookies without your consent.<\/p><p>b. Statistical cookies<br \/>We use statistical cookies to optimize the user experience on our website. With these cookies, we obtain information about how our website is used. We request your permission to place statistical cookies.<\/p><p>c. Marketing\/tracking cookies<br \/>Marketing\/tracking cookies are cookies (or any other form of local storage) used to create user profiles, display advertising, or track users across this website or multiple websites for similar marketing purposes.<\/p><p>d. Placed cookies<\/p><table><thead><tr><th style=\"max-width: 25%; text-align: left;\">Cookie Name<\/th><th style=\"max-width: 25%; text-align: left;\">Category<\/th><th style=\"max-width: 25%; text-align: left;\">Notes<\/th><th style=\"max-width: 25%; text-align: left;\">Type<\/th><\/tr><\/thead><tbody><tr><td style=\"max-width: 25%; text-align: left;\">Elementor<\/td><td style=\"max-width: 25%; text-align: left;\">FUNCTIONAL<\/td><td style=\"max-width: 25%; text-align: left;\">Used for website development.<\/td><td style=\"max-width: 25%; text-align: left;\">Third Party<\/td><\/tr><tr><td style=\"text-align: left;\" colspan=\"4\"><a href=\"https:\/\/cookiedatabase.org\/cookie\/elementor\/elementor\/\">https:\/\/cookiedatabase.org\/cookie\/elementor\/elementor\/<\/a><\/td><\/tr><tr><td style=\"max-width: 25%; text-align: left;\"><div style=\"height: 5px;\">\u00a0<\/div><\/td><td style=\"max-width: 25%; text-align: left;\"><div style=\"height: 5px;\">\u00a0<\/div><\/td><td style=\"max-width: 25%; text-align: left;\"><div style=\"height: 5px;\">\u00a0<\/div><\/td><td style=\"max-width: 25%; text-align: left;\"><div style=\"height: 5px;\">\u00a0<\/div><\/td><\/tr><tr><td style=\"max-width: 25%; text-align: left;\">Complianz<\/td><td style=\"max-width: 25%; text-align: left;\">FUNCTIONAL<\/td><td style=\"max-width: 25%; text-align: left;\">Used for the privacy policy.<\/td><td style=\"max-width: 25%; text-align: left;\">Third Party<\/td><\/tr><tr><td style=\"text-align: left;\" colspan=\"4\"><a href=\"https:\/\/cookiedatabase.org\/cookie\/complianz\/cmplz_banner-status\/\">https:\/\/cookiedatabase.org\/cookie\/complianz\/cmplz_banner-status\/<\/a><\/td><\/tr><tr><td style=\"max-width: 25%; text-align: left;\"><div style=\"height: 5px;\">\u00a0<\/div><\/td><td style=\"max-width: 25%; text-align: left;\"><div style=\"height: 5px;\">\u00a0<\/div><\/td><td style=\"max-width: 25%; text-align: left;\"><div style=\"height: 5px;\">\u00a0<\/div><\/td><td style=\"max-width: 25%; text-align: left;\"><div style=\"height: 5px;\">\u00a0<\/div><\/td><\/tr><tr><td style=\"max-width: 25%; text-align: left;\">Google Tag Manager<\/td><td style=\"max-width: 25%; text-align: left;\">ANALYTICS<\/td><td style=\"max-width: 25%; text-align: left;\">Used for marketing purposes.<\/td><td style=\"max-width: 25%; text-align: left;\">Third Party<\/td><\/tr><tr><td style=\"max-width: 25%; text-align: left;\"><div style=\"height: 5px;\">\u00a0<\/div><\/td><td style=\"max-width: 25%; text-align: left;\"><div style=\"height: 5px;\">\u00a0<\/div><\/td><td style=\"max-width: 25%; text-align: left;\"><div style=\"height: 5px;\">\u00a0<\/div><\/td><td style=\"max-width: 25%; text-align: left;\"><div style=\"height: 5px;\">\u00a0<\/div><\/td><\/tr><tr><td style=\"max-width: 25%; text-align: left;\">Google Ads<\/td><td style=\"max-width: 25%; text-align: left;\">ANALYTICS<\/td><td style=\"max-width: 25%; text-align: left;\">Used for marketing purposes.<\/td><td style=\"max-width: 25%; text-align: left;\">Third Party<\/td><\/tr><\/tbody><\/table><p><em><strong>8. Personal data &amp; Cookies<br \/><\/strong><\/em>a. Cookies themselves do not require personal data to be used and, in most cases, do not personally identify internet users. Personal data collected through the use of cookies are collected only to facilitate certain functionalities for the user. These data are encrypted in a way that makes access by unauthorized persons impossible.<br \/>When you first visit our website, you will be shown a pop-up with an explanation about cookies. By clicking \u201cSave preferences\u201d, you consent to our use of the categories of cookies and modules selected in the pop-up, as described in this Cookie Policy. You may block the use of cookies through your browser, but please note that in this case our website may no longer function properly.<\/p><p><em><strong>9. Deleting cookies<\/strong><\/em><br \/>In general, an application used to access web pages allows cookies to be saved on the device by default. These settings can be changed so that automatic cookie management is blocked by the web browser or the user is informed each time cookies are sent to their device.<br \/>Detailed information about the possibilities and methods of managing cookies can be found in the settings area of the application (web browser). Limiting the use of cookies may affect certain functionalities of the website. Disabling and refusing cookies may make this website difficult to use, resulting in limitations in its functionality.<\/p><p>Users can configure their browser to reject cookies or to accept cookies from a specific website. All modern browsers allow changing cookie settings. These settings are usually found in the \u201coptions\u201d or \u201cpreferences\u201d menu of your browser. However, refusing or disabling cookies does not mean you will no longer receive online advertising, but that it will not be tailored to your preferences and interests based on browsing behavior.<br \/>To understand these settings, the following links may be useful:<br \/>&#8211; Cookie settings in Internet Explorer<br \/>&#8211; Cookie settings in Firefox<br \/>&#8211; Cookie settings in Chrome<br \/>&#8211; Cookie settings in Safari<\/p><p><em><strong>10. Why are cookies important for the Internet?<\/strong><\/em><br \/>Cookies are essential for the efficient functioning of the Internet, helping to generate a user-friendly browsing experience tailored to each user\u2019s preferences and interests. Refusing or disabling cookies may make some websites or parts of websites unusable.<br \/>Disabling cookies does not mean that you will no longer receive online advertising in accordance with the law, but that it will no longer take into account your preferences and interests as indicated by your browsing behavior.<br \/>Examples of important uses of cookies (which do not require user authentication through an account):<br \/>\u2013 Content and services tailored to user preferences \u2013 categories of products and services.<br \/>\u2013 Offers tailored to user interests<br \/>\u2013 Remembering passwords<\/p><p>\u2013 Retaining child protection filters for internet content (family mode options, safe search functions).<br \/>\u2013 Limiting the frequency of ad display \u2013 limiting the number of times an ad is shown to a specific user on a website.<br \/>\u2013 Providing relevant advertising to the user.<br \/>\u2013 Measuring, optimizing, and adapting analytics features \u2013 such as confirming a certain level of traffic on a website, what type of content is viewed, and how a user reaches a website (e.g., via search engines, directly, from other websites, etc.).<br \/>Websites perform these analyses regarding their use in order to improve their services for users.<\/p><p><em><strong>11. Security and privacy aspects<\/strong><\/em><br \/>Browsers generally include privacy settings that provide different levels of cookie acceptance, validity periods, and automatic deletion after visiting a website.<br \/>Various security aspects related to cookies:<br \/>\u2013 Customizing browser settings regarding cookies to reflect a security level that is comfortable for you.<br \/>\u2013 If you are the only person using the computer, you may set longer expiration periods for storing browsing history and personal access data.<br \/>\u2013 If you share access to the computer, you may consider setting the browser to delete individual browsing data each time you close it. This is a way to access websites that place cookies and delete any browsing information when the session ends.<br \/>For any further questions regarding the use of cookies on this website, please contact us at <a href=\"mailto:dataprotection@mitclima.ro\"><strong>dataprotection@mitclima.ro<\/strong><\/a>.<\/p><p style=\"text-align: center;\"><strong>This Cookie Policy was last updated on 01.04.2025.<\/strong><\/p>\t\t\t\t\t\t\t\t<\/div>\n\t\t\t\t<\/div>\n\t\t\t\t<div class=\"elementor-element elementor-element-7fc98a33 elementor-widget elementor-widget-spacer\" data-id=\"7fc98a33\" data-element_type=\"widget\" data-settings=\"{&quot;tc_dark_mode_responsive_hide_in_dark&quot;:&quot;no&quot;,&quot;tc_dark_mode_responsive_hide_in_light&quot;:&quot;no&quot;}\" data-widget_type=\"spacer.default\">\n\t\t\t\t<div class=\"elementor-widget-container\">\n\t\t\t\t\t\t\t<div class=\"elementor-spacer\">\n\t\t\t<div class=\"elementor-spacer-inner\"><\/div>\n\t\t<\/div>\n\t\t\t\t\t\t<\/div>\n\t\t\t\t<\/div>\n\t\t\t\t\t<\/div>\n\t\t\t\t<\/div>\n\t\t\t\t<\/div>","protected":false},"excerpt":{"rendered":"<p>Politica de utilizare Cookie-uri 1. Politica de utilizare Cookie-uriAceast\u0103 politic\u0103 se refer\u0103 la cookie-urile \u0219i la tehnologiile similare folosite, dup\u0103 caz, \u00een website-ul hava-hvac.com.Cookie-urile sunt folosite pentru urm\u0103toarele scopuri:\u2022 de func\u021bionare a site-ului,\u2022 de analiz\u0103 a comportamentului vizitatorilor site-ului,\u2022 pentru publicitate.Aceast\u0103 politic\u0103 se completeaz\u0103 cu politica hava-hvac.com cu privire la protec\u021bia datelor cu caracter personal. 2. Ce este un CookieCookie-ul &hellip;<\/p>","protected":false},"author":1,"featured_media":0,"parent":0,"menu_order":0,"comment_status":"closed","ping_status":"closed","template":"blank-builder.php","meta":{"footnotes":""},"class_list":["post-3863","page","type-page","status-publish","hentry"],"_links":{"self":[{"href":"https:\/\/hava-hvac.com\/en\/wp-json\/wp\/v2\/pages\/3863","targetHints":{"allow":["GET"]}}],"collection":[{"href":"https:\/\/hava-hvac.com\/en\/wp-json\/wp\/v2\/pages"}],"about":[{"href":"https:\/\/hava-hvac.com\/en\/wp-json\/wp\/v2\/types\/page"}],"author":[{"embeddable":true,"href":"https:\/\/hava-hvac.com\/en\/wp-json\/wp\/v2\/users\/1"}],"replies":[{"embeddable":true,"href":"https:\/\/hava-hvac.com\/en\/wp-json\/wp\/v2\/comments?post=3863"}],"version-history":[{"count":25,"href":"https:\/\/hava-hvac.com\/en\/wp-json\/wp\/v2\/pages\/3863\/revisions"}],"predecessor-version":[{"id":3906,"href":"https:\/\/hava-hvac.com\/en\/wp-json\/wp\/v2\/pages\/3863\/revisions\/3906"}],"wp:attachment":[{"href":"https:\/\/hava-hvac.com\/en\/wp-json\/wp\/v2\/media?parent=3863"}],"curies":[{"name":"wp","href":"https:\/\/api.w.org\/{rel}","templated":true}]}}