{"id":3607,"date":"2025-04-08T15:08:30","date_gmt":"2025-04-08T15:08:30","guid":{"rendered":"https:\/\/hava.mitclima.ro\/?page_id=3607"},"modified":"2025-09-01T09:42:54","modified_gmt":"2025-09-01T09:42:54","slug":"tombola-saptamanala","status":"publish","type":"page","link":"https:\/\/hava-hvac.com\/en\/concurs\/tombola-saptamanala\/","title":{"rendered":"Tombol\u0103 s\u0103pt\u0103m\u00e2nal\u0103"},"content":{"rendered":"<div data-elementor-type=\"wp-page\" data-elementor-id=\"3607\" class=\"elementor elementor-3607\">\n\t\t\t\t<div class=\"elementor-element elementor-element-a0cde05 e-flex e-con-boxed e-con e-parent\" data-id=\"a0cde05\" data-element_type=\"container\" data-settings=\"{&quot;background_background&quot;:&quot;classic&quot;,&quot;tc_container_background_parallax&quot;:&quot;no&quot;,&quot;tcg_advanced_hover&quot;:&quot;no&quot;,&quot;tc_dark_mode_responsive_hide_in_dark&quot;:&quot;no&quot;,&quot;tc_dark_mode_responsive_hide_in_light&quot;:&quot;no&quot;}\">\n\t\t\t\t\t<div class=\"e-con-inner\">\n\t\t\t\t<div class=\"elementor-element elementor-element-ba61b0b elementor-widget elementor-widget-archin-image\" data-id=\"ba61b0b\" data-element_type=\"widget\" data-settings=\"{&quot;tc_dark_mode_responsive_hide_in_dark&quot;:&quot;no&quot;,&quot;tc_dark_mode_responsive_hide_in_light&quot;:&quot;no&quot;}\" data-widget_type=\"archin-image.default\">\n\t\t\t\t<div class=\"elementor-widget-container\">\n\t\t\t\t\t                    <div class=\"elementor-image\">\r\n                                <img fetchpriority=\"high\" decoding=\"async\" width=\"2560\" height=\"1440\" src=\"https:\/\/hava-hvac.com\/wp-content\/uploads\/2025\/04\/1-Imagine-3-scaled.jpg\" class=\"attachment-full size-full wp-image-4328\" alt=\"Castiga un aparat de aer conditionat HAVA Smart Plus\" \/>                                            <\/div>\r\n                \t\t\t\t<\/div>\n\t\t\t\t<\/div>\n\t\t<div class=\"elementor-element elementor-element-1409559 e-con-full e-flex e-con e-child\" data-id=\"1409559\" data-element_type=\"container\" data-settings=\"{&quot;tc_container_background_parallax&quot;:&quot;no&quot;,&quot;tcg_advanced_hover&quot;:&quot;no&quot;,&quot;tc_dark_mode_responsive_hide_in_dark&quot;:&quot;no&quot;,&quot;tc_dark_mode_responsive_hide_in_light&quot;:&quot;no&quot;}\">\n\t\t\t\t<div class=\"elementor-element elementor-element-fd4c410 elementor-widget elementor-widget-heading\" data-id=\"fd4c410\" data-element_type=\"widget\" data-settings=\"{&quot;tc_dark_mode_responsive_hide_in_dark&quot;:&quot;no&quot;,&quot;tc_dark_mode_responsive_hide_in_light&quot;:&quot;no&quot;}\" data-widget_type=\"heading.default\">\n\t\t\t\t<div class=\"elementor-widget-container\">\n\t\t\t\t\t<h2 class=\"elementor-heading-title elementor-size-default\">Tombol\u0103 s\u0103pt\u0103m\u00e2nal\u0103 HAVA Smart Plus<\/h2>\t\t\t\t<\/div>\n\t\t\t\t<\/div>\n\t\t\t\t<div class=\"elementor-element elementor-element-fb74c9b elementor-widget elementor-widget-spacer\" data-id=\"fb74c9b\" data-element_type=\"widget\" data-settings=\"{&quot;tc_dark_mode_responsive_hide_in_dark&quot;:&quot;no&quot;,&quot;tc_dark_mode_responsive_hide_in_light&quot;:&quot;no&quot;}\" data-widget_type=\"spacer.default\">\n\t\t\t\t<div class=\"elementor-widget-container\">\n\t\t\t\t\t\t\t<div class=\"elementor-spacer\">\n\t\t\t<div class=\"elementor-spacer-inner\"><\/div>\n\t\t<\/div>\n\t\t\t\t\t\t<\/div>\n\t\t\t\t<\/div>\n\t\t\t\t<div class=\"elementor-element elementor-element-d85928c elementor-widget elementor-widget-heading\" data-id=\"d85928c\" data-element_type=\"widget\" data-settings=\"{&quot;tc_dark_mode_responsive_hide_in_dark&quot;:&quot;no&quot;,&quot;tc_dark_mode_responsive_hide_in_light&quot;:&quot;no&quot;}\" data-widget_type=\"heading.default\">\n\t\t\t\t<div class=\"elementor-widget-container\">\n\t\t\t\t\t<h4 class=\"elementor-heading-title elementor-size-default\">C\u00e2\u0219tiga\u021bi un aparat de aer condi\u021bionat HAVA Smart Plus pe s\u0103pt\u0103m\u00e2n\u0103<\/h4>\t\t\t\t<\/div>\n\t\t\t\t<\/div>\n\t\t\t\t<div class=\"elementor-element elementor-element-2740a21 elementor-widget elementor-widget-spacer\" data-id=\"2740a21\" data-element_type=\"widget\" data-settings=\"{&quot;tc_dark_mode_responsive_hide_in_dark&quot;:&quot;no&quot;,&quot;tc_dark_mode_responsive_hide_in_light&quot;:&quot;no&quot;}\" data-widget_type=\"spacer.default\">\n\t\t\t\t<div class=\"elementor-widget-container\">\n\t\t\t\t\t\t\t<div class=\"elementor-spacer\">\n\t\t\t<div class=\"elementor-spacer-inner\"><\/div>\n\t\t<\/div>\n\t\t\t\t\t\t<\/div>\n\t\t\t\t<\/div>\n\t\t\t\t<div class=\"elementor-element elementor-element-704e3e3 elementor-widget elementor-widget-text-editor\" data-id=\"704e3e3\" data-element_type=\"widget\" data-settings=\"{&quot;tc_dark_mode_responsive_hide_in_dark&quot;:&quot;no&quot;,&quot;tc_dark_mode_responsive_hide_in_light&quot;:&quot;no&quot;}\" data-widget_type=\"text-editor.default\">\n\t\t\t\t<div class=\"elementor-widget-container\">\n\t\t\t\t\t\t\t\t\t<p>Beneficiile utiliz\u0103rii unui aparat de aer condi\u021bionat HAVA Smart Plus vin cu premii speciale! Achizi\u021biona\u021bi \u0219i instala\u021bi autorizat un aparat de aer condi\u021bionat HAVA Smart Plus, \u00eenscrie\u021bi-v\u0103 la concurs \u0219i pute\u021bi c\u00e2\u0219tiga, s\u0103pt\u0103m\u00e2nal, un nou aparat de aer condi\u021bionat HAVA Smart Plus! <strong>Se accept\u0103 participarea la ambele tombole.<\/strong><\/p>\t\t\t\t\t\t\t\t<\/div>\n\t\t\t\t<\/div>\n\t\t\t\t<div class=\"elementor-element elementor-element-662ceb5 elementor-widget elementor-widget-text-editor\" data-id=\"662ceb5\" data-element_type=\"widget\" data-settings=\"{&quot;tc_dark_mode_responsive_hide_in_dark&quot;:&quot;no&quot;,&quot;tc_dark_mode_responsive_hide_in_light&quot;:&quot;no&quot;}\" data-widget_type=\"text-editor.default\">\n\t\t\t\t<div class=\"elementor-widget-container\">\n\t\t\t\t\t\t\t\t\t<p>Perioada campaniei: 2 iunie &#8211; 31 august 2025. Consulta\u021bi <a href=\"https:\/\/hava-hvac.com\/wp-content\/uploads\/2025\/05\/Regulament-Tombola-Saptamanala.pdf\">Regulamentul Campaniei<\/a>.<\/p>\t\t\t\t\t\t\t\t<\/div>\n\t\t\t\t<\/div>\n\t\t\t\t<div class=\"elementor-element elementor-element-87d3363 elementor-widget elementor-widget-spacer\" data-id=\"87d3363\" data-element_type=\"widget\" data-settings=\"{&quot;tc_dark_mode_responsive_hide_in_dark&quot;:&quot;no&quot;,&quot;tc_dark_mode_responsive_hide_in_light&quot;:&quot;no&quot;}\" data-widget_type=\"spacer.default\">\n\t\t\t\t<div class=\"elementor-widget-container\">\n\t\t\t\t\t\t\t<div class=\"elementor-spacer\">\n\t\t\t<div class=\"elementor-spacer-inner\"><\/div>\n\t\t<\/div>\n\t\t\t\t\t\t<\/div>\n\t\t\t\t<\/div>\n\t\t\t\t<div class=\"elementor-element elementor-element-fdbc7aa elementor-widget elementor-widget-archin-contact-form\" data-id=\"fdbc7aa\" data-element_type=\"widget\" data-settings=\"{&quot;tc_dark_mode_responsive_hide_in_dark&quot;:&quot;no&quot;,&quot;tc_dark_mode_responsive_hide_in_light&quot;:&quot;no&quot;}\" data-widget_type=\"archin-contact-form.default\">\n\t\t\t\t<div class=\"elementor-widget-container\">\n\t\t\t\t\t\r\n\t\t<div data-btnicon=\"\" class=\"archin-contact-shortcode  button-center\">\n<div class=\"wpcf7 no-js\" id=\"wpcf7-f4016-o1\" lang=\"en-US\" dir=\"ltr\" data-wpcf7-id=\"4016\">\n<div class=\"screen-reader-response\"><p role=\"status\" aria-live=\"polite\" aria-atomic=\"true\"><\/p> <ul><\/ul><\/div>\n<form action=\"\/en\/wp-json\/wp\/v2\/pages\/3607#wpcf7-f4016-o1\" method=\"post\" class=\"wpcf7-form init\" aria-label=\"Contact form\" enctype=\"multipart\/form-data\" novalidate=\"novalidate\" data-status=\"init\" data-trp-original-action=\"\/en\/wp-json\/wp\/v2\/pages\/3607#wpcf7-f4016-o1\">\n<div style=\"display: none;\">\n<input type=\"hidden\" name=\"_wpcf7\" value=\"4016\" \/>\n<input type=\"hidden\" name=\"_wpcf7_version\" value=\"6.0.6\" \/>\n<input type=\"hidden\" name=\"_wpcf7_locale\" value=\"en_US\" \/>\n<input type=\"hidden\" name=\"_wpcf7_unit_tag\" value=\"wpcf7-f4016-o1\" \/>\n<input type=\"hidden\" name=\"_wpcf7_container_post\" value=\"0\" \/>\n<input type=\"hidden\" name=\"_wpcf7_posted_data_hash\" value=\"\" \/>\n<input type=\"hidden\" name=\"_wpcf7_recaptcha_response\" value=\"\" \/>\n<\/div>\n<div class=\"row\">\n\t<div class=\"col-lg-12\">\n\t\t<h3 style=\"text-align: center; color: white; padding-bottom: 30px;\">Datele dumneavoastr\u0103\n\t\t<\/h3>\n\t<\/div>\n\t<div class=\"col-lg-4\">\n\t\t<p><span class=\"wpcf7-form-control-wrap\" data-name=\"your-name\"><input size=\"40\" maxlength=\"400\" class=\"wpcf7-form-control wpcf7-text wpcf7-validates-as-required col-lg-12\" aria-required=\"true\" aria-invalid=\"false\" placeholder=\"Numele \u0219i prenumele dumneavoastr\u0103\" value=\"\" type=\"text\" name=\"your-name\" \/><\/span>\n\t\t<\/p>\n\t<\/div>\n\t<div class=\"col-lg-4\">\n\t\t<p><span class=\"wpcf7-form-control-wrap\" data-name=\"your-email\"><input size=\"40\" maxlength=\"400\" class=\"wpcf7-form-control wpcf7-email wpcf7-validates-as-required wpcf7-text wpcf7-validates-as-email col-lg-12\" aria-required=\"true\" aria-invalid=\"false\" placeholder=\"Adres\u0103 de email\" value=\"\" type=\"email\" name=\"your-email\" \/><\/span>\n\t\t<\/p>\n\t<\/div>\n\t<div class=\"col-lg-4\">\n\t\t<p><span class=\"wpcf7-form-control-wrap\" data-name=\"tel-387\"><input size=\"40\" maxlength=\"15\" minlength=\"4\" class=\"wpcf7-form-control wpcf7-tel wpcf7-validates-as-required wpcf7-text wpcf7-validates-as-tel col-lg-12\" aria-required=\"true\" aria-invalid=\"false\" placeholder=\"Num\u0103r de telefon\" value=\"\" type=\"tel\" name=\"tel-387\" \/><\/span>\n\t\t<\/p>\n\t<\/div>\n\t<div class=\"col-lg-4\">\n\t\t<p><span class=\"wpcf7-form-control-wrap\" data-name=\"text-197\"><input size=\"40\" maxlength=\"400\" class=\"wpcf7-form-control wpcf7-text wpcf7-validates-as-required col-lg-12\" aria-required=\"true\" aria-invalid=\"false\" placeholder=\"Adresa echipamentului HVAC\" value=\"\" type=\"text\" name=\"text-197\" \/><\/span>\n\t\t<\/p>\n\t<\/div>\n\t<div class=\"col-lg-12\">\n\t\t<h3 style=\"text-align: center; color: white; padding-top: 60px; padding-bottom: 30px;\">Informa\u021bii despre produs\n\t\t<\/h3>\n\t<\/div>\n\t<div class=\"col-lg-4\">\n\t\t<div class=\"form-file\">\n\t\t\t<p><span>\u00cenc\u0103rcare factur\u0103 achizi\u021bie<\/span>\n\t\t\t<\/p>\n\t\t\t<p><span class=\"wpcf7-form-control-wrap\" data-name=\"file-839\"><input size=\"40\" class=\"wpcf7-form-control wpcf7-file wpcf7-validates-as-required col-lg-12\" id=\"file-839\" accept=\".png,.jpg,.jpeg\" aria-required=\"true\" aria-invalid=\"false\" type=\"file\" name=\"file-839\" \/><\/span>\n\t\t\t<\/p>\n\t\t<\/div>\n\t<\/div>\n\t<div class=\"col-lg-4\">\n\t\t<div class=\"form-file\">\n\t\t\t<p><span>\u00cenc\u0103rcare proces verbal instalare<\/span>\n\t\t\t<\/p>\n\t\t\t<p><span class=\"wpcf7-form-control-wrap\" data-name=\"file-554\"><input size=\"40\" class=\"wpcf7-form-control wpcf7-file wpcf7-validates-as-required col-lg-12\" id=\"file-554\" accept=\".png,.jpg,.jpeg\" aria-required=\"true\" aria-invalid=\"false\" type=\"file\" name=\"file-554\" \/><\/span>\n\t\t\t<\/p>\n\t\t<\/div>\n\t<\/div>\n\t<div class=\"col-lg-4\">\n\t\t<div class=\"form-file\">\n\t\t\t<p><span>\u00cenc\u0103rcare fotografie echipament montat<\/span>\n\t\t\t<\/p>\n\t\t\t<p><span class=\"wpcf7-form-control-wrap\" data-name=\"file-387\"><input size=\"40\" class=\"wpcf7-form-control wpcf7-file wpcf7-validates-as-required col-lg-12\" id=\"file-387\" accept=\".png,.jpg,.jpeg\" aria-required=\"true\" aria-invalid=\"false\" type=\"file\" name=\"file-387\" \/><\/span>\n\t\t\t<\/p>\n\t\t<\/div>\n\t<\/div>\n\t<div class=\"col-lg-4\">\n\t\t<p><span class=\"wpcf7-form-control-wrap\" data-name=\"text-198\"><input size=\"40\" maxlength=\"400\" class=\"wpcf7-form-control wpcf7-text wpcf7-validates-as-required col-lg-12\" aria-required=\"true\" aria-invalid=\"false\" placeholder=\"Denumirea v\u00e2nz\u0103torului\" value=\"\" type=\"text\" name=\"text-198\" \/><\/span>\n\t\t<\/p>\n\t<\/div>\n\t<div class=\"col-lg-4\">\n\t\t<p><span class=\"wpcf7-form-control-wrap\" data-name=\"text-199\"><input size=\"40\" maxlength=\"400\" class=\"wpcf7-form-control wpcf7-text wpcf7-validates-as-required col-lg-12\" aria-required=\"true\" aria-invalid=\"false\" placeholder=\"Num\u0103r de serie produs\" value=\"\" type=\"text\" name=\"text-199\" \/><\/span>\n\t\t<\/p>\n\t<\/div>\n\t<div class=\"col-lg-4\">\n\t<\/div>\n\t<div class=\"col-lg-12\" style=\"padding-bottom: 30px;\">\n\t<\/div>\n\t<div class=\"col-lg-4\">\n\t\t<p><span class=\"wpcf7-form-control-wrap\" data-name=\"acceptance-562\"><span class=\"wpcf7-form-control wpcf7-acceptance\"><span class=\"wpcf7-list-item\"><label><input type=\"checkbox\" name=\"acceptance-562\" value=\"1\" aria-invalid=\"false\" \/><span class=\"wpcf7-list-item-label\">Sunt de acord cu <a href=\"https:\/\/hava-hvac.com\/en\/protectia-datelor-cu-caracter-personal\/\" target=\"_blank\">prelucrarea datelor mele personale<\/a> de c\u0103tre MIT Clima Distribution, \u00een vederea proces\u0103rii \u00eenscrierii mele. Sunt de acord cu <a href=\"https:\/\/hava-hvac.com\/en\/termeni-si-conditii\/\" target=\"_blank\"> termenii \u0219i condi\u021biile site-ului.<\/a><\/span><\/label><\/span><\/span><\/span>\n\t\t<\/p>\n\t<\/div>\n\t<div class=\"col-lg-4\">\n\t\t<p><span class=\"wpcf7-form-control-wrap\" data-name=\"acceptance-706\"><span class=\"wpcf7-form-control wpcf7-acceptance optional\"><span class=\"wpcf7-list-item\"><label><input type=\"checkbox\" name=\"acceptance-706\" value=\"1\" aria-invalid=\"false\" \/><span class=\"wpcf7-list-item-label\">Sunt de acord s\u0103 primesc comunic\u0103ri \u00een scop de marketing direct din partea  MIT Clima Distribution.<\/span><\/label><\/span><\/span><\/span>\n\t\t<\/p>\n\t<\/div>\n\t<div class=\"col-lg-4\">\n\t\t<p><span class=\"wpcf7-form-control-wrap\" data-name=\"acceptance-299\"><span class=\"wpcf7-form-control wpcf7-acceptance\"><span class=\"wpcf7-list-item\"><label><input type=\"checkbox\" name=\"acceptance-299\" value=\"1\" aria-invalid=\"false\" \/><span class=\"wpcf7-list-item-label\">Sunt de acord cu <a href=\"https:\/\/hava-hvac.com\/wp-content\/uploads\/2025\/05\/Regulament-Tombola-Saptamanala.pdf\" target=\"_blank\">Regulamentul acestei campanii<\/a>.<\/span><\/label><\/span><\/span><\/span>\n\t\t<\/p>\n\t<\/div>\n\t<div class=\"col-lg-12\">\n\t\t<p><input class=\"wpcf7-form-control wpcf7-submit has-spinner\" type=\"submit\" value=\"\u00censcriere \u00een concurs\" \/>\n\t\t<\/p>\n\t<\/div>\n<\/div><div class=\"wpcf7-response-output\" aria-hidden=\"true\"><\/div>\n<input type=\"hidden\" name=\"trp-form-language\" value=\"en\"\/><\/form>\n<\/div>\n<\/div>\r\n\t\r\n\t\t\t\t\t\t<\/div>\n\t\t\t\t<\/div>\n\t\t\t\t<\/div>\n\t\t\t\t\t<\/div>\n\t\t\t\t<\/div>\n\t\t<div class=\"elementor-element elementor-element-4650291 e-flex e-con-boxed e-con e-parent\" data-id=\"4650291\" data-element_type=\"container\" data-settings=\"{&quot;tc_container_background_parallax&quot;:&quot;no&quot;,&quot;tcg_advanced_hover&quot;:&quot;no&quot;,&quot;tc_dark_mode_responsive_hide_in_dark&quot;:&quot;no&quot;,&quot;tc_dark_mode_responsive_hide_in_light&quot;:&quot;no&quot;}\">\n\t\t\t\t\t<div class=\"e-con-inner\">\n\t\t\t\t<div class=\"elementor-element elementor-element-27feb27 elementor-widget elementor-widget-spacer\" data-id=\"27feb27\" data-element_type=\"widget\" data-settings=\"{&quot;tc_dark_mode_responsive_hide_in_dark&quot;:&quot;no&quot;,&quot;tc_dark_mode_responsive_hide_in_light&quot;:&quot;no&quot;}\" data-widget_type=\"spacer.default\">\n\t\t\t\t<div class=\"elementor-widget-container\">\n\t\t\t\t\t\t\t<div class=\"elementor-spacer\">\n\t\t\t<div class=\"elementor-spacer-inner\"><\/div>\n\t\t<\/div>\n\t\t\t\t\t\t<\/div>\n\t\t\t\t<\/div>\n\t\t\t\t<div class=\"elementor-element elementor-element-07786d8 elementor-widget elementor-widget-heading\" data-id=\"07786d8\" data-element_type=\"widget\" data-settings=\"{&quot;tc_dark_mode_responsive_hide_in_dark&quot;:&quot;no&quot;,&quot;tc_dark_mode_responsive_hide_in_light&quot;:&quot;no&quot;}\" data-widget_type=\"heading.default\">\n\t\t\t\t<div class=\"elementor-widget-container\">\n\t\t\t\t\t<h1 class=\"elementor-heading-title elementor-size-default\">C\u00e2\u0219tig\u0103tori<\/h1>\t\t\t\t<\/div>\n\t\t\t\t<\/div>\n\t\t\t\t<div class=\"elementor-element elementor-element-550d7fb elementor-widget elementor-widget-text-editor\" data-id=\"550d7fb\" data-element_type=\"widget\" data-settings=\"{&quot;tc_dark_mode_responsive_hide_in_dark&quot;:&quot;no&quot;,&quot;tc_dark_mode_responsive_hide_in_light&quot;:&quot;no&quot;}\" data-widget_type=\"text-editor.default\">\n\t\t\t\t<div class=\"elementor-widget-container\">\n\t\t\t\t\t\t\t\t\t<p>S\u0103pt\u0103m\u00e2na 02-08 iunie: Alexandra Soare<br \/>S\u0103pt\u0103m\u00e2na 09-15 iunie: Defta Bogdan<br \/>S\u0103pt\u0103m\u00e2na 16-22 iunie: Marius Florin<br \/>S\u0103pt\u0103m\u00e2na 23-29 iunie: Chelban Liviu<br \/>S\u0103pt\u0103m\u00e2na 30 iunie-06 iulie: Balanescu Lavinia<br \/>S\u0103pt\u0103m\u00e2na 07-13 iulie: M\u0103z\u0103reanu Jan<br \/>S\u0103pt\u0103m\u00e2na 14-20 iulie: Oana Barbu<br \/>S\u0103pt\u0103m\u00e2na 21-27 iulie: Claudiu Alexandru Ilinca<br \/>S\u0103pt\u0103m\u00e2na 28 iulie- 3 august: Gheorghe Popescu<br \/>S\u0103pt\u0103m\u00e2na 04 -10 august: Alexandru Radu<br \/>S\u0103pt\u0103m\u00e2na 11-17 august: Adrian Ionescu<br \/>S\u0103pt\u0103m\u00e2na 18-24 august: Gavril Pop <br \/>S\u0103pt\u0103m\u00e2na 25-31 august: Daniela Olaru<\/p>\t\t\t\t\t\t\t\t<\/div>\n\t\t\t\t<\/div>\n\t\t\t\t<div class=\"elementor-element elementor-element-200378b elementor-widget-divider--view-line elementor-widget elementor-widget-divider\" data-id=\"200378b\" data-element_type=\"widget\" data-settings=\"{&quot;tc_dark_mode_responsive_hide_in_dark&quot;:&quot;no&quot;,&quot;tc_dark_mode_responsive_hide_in_light&quot;:&quot;no&quot;}\" data-widget_type=\"divider.default\">\n\t\t\t\t<div class=\"elementor-widget-container\">\n\t\t\t\t\t\t\t<div class=\"elementor-divider\">\n\t\t\t<span class=\"elementor-divider-separator\">\n\t\t\t\t\t\t<\/span>\n\t\t<\/div>\n\t\t\t\t\t\t<\/div>\n\t\t\t\t<\/div>\n\t\t\t\t\t<\/div>\n\t\t\t\t<\/div>\n\t\t\t\t<\/div>","protected":false},"excerpt":{"rendered":"<p>Tombol\u0103 s\u0103pt\u0103m\u00e2nal\u0103 HAVA Smart Plus C\u00e2\u0219tiga\u021bi un aparat de aer condi\u021bionat HAVA Smart Plus pe s\u0103pt\u0103m\u00e2n\u0103 Beneficiile utiliz\u0103rii unui aparat de aer condi\u021bionat HAVA Smart Plus vin cu premii speciale! Achizi\u021biona\u021bi \u0219i instala\u021bi autorizat un aparat de aer condi\u021bionat HAVA Smart Plus, \u00eenscrie\u021bi-v\u0103 la concurs \u0219i pute\u021bi c\u00e2\u0219tiga, s\u0103pt\u0103m\u00e2nal, un nou aparat de aer condi\u021bionat HAVA Smart Plus! Se accept\u0103 &hellip;<\/p>","protected":false},"author":1,"featured_media":0,"parent":3430,"menu_order":0,"comment_status":"closed","ping_status":"closed","template":"blank-builder.php","meta":{"footnotes":""},"class_list":["post-3607","page","type-page","status-publish","hentry"],"_links":{"self":[{"href":"https:\/\/hava-hvac.com\/en\/wp-json\/wp\/v2\/pages\/3607","targetHints":{"allow":["GET"]}}],"collection":[{"href":"https:\/\/hava-hvac.com\/en\/wp-json\/wp\/v2\/pages"}],"about":[{"href":"https:\/\/hava-hvac.com\/en\/wp-json\/wp\/v2\/types\/page"}],"author":[{"embeddable":true,"href":"https:\/\/hava-hvac.com\/en\/wp-json\/wp\/v2\/users\/1"}],"replies":[{"embeddable":true,"href":"https:\/\/hava-hvac.com\/en\/wp-json\/wp\/v2\/comments?post=3607"}],"version-history":[{"count":149,"href":"https:\/\/hava-hvac.com\/en\/wp-json\/wp\/v2\/pages\/3607\/revisions"}],"predecessor-version":[{"id":4777,"href":"https:\/\/hava-hvac.com\/en\/wp-json\/wp\/v2\/pages\/3607\/revisions\/4777"}],"up":[{"embeddable":true,"href":"https:\/\/hava-hvac.com\/en\/wp-json\/wp\/v2\/pages\/3430"}],"wp:attachment":[{"href":"https:\/\/hava-hvac.com\/en\/wp-json\/wp\/v2\/media?parent=3607"}],"curies":[{"name":"wp","href":"https:\/\/api.w.org\/{rel}","templated":true}]}}