{"id":3,"date":"2025-03-31T19:10:15","date_gmt":"2025-03-31T19:10:15","guid":{"rendered":"https:\/\/hava.mitclima.ro\/?page_id=3"},"modified":"2025-04-15T10:37:21","modified_gmt":"2025-04-15T10:37:21","slug":"politica-de-confidentialitate","status":"publish","type":"page","link":"https:\/\/hava-hvac.com\/en\/politica-de-confidentialitate\/","title":{"rendered":"Privacy Policy"},"content":{"rendered":"<div data-elementor-type=\"wp-page\" data-elementor-id=\"3\" class=\"elementor elementor-3\">\n\t\t\t\t<div class=\"elementor-element elementor-element-981f830 e-flex e-con-boxed e-con e-parent\" data-id=\"981f830\" data-element_type=\"container\" data-settings=\"{&quot;background_background&quot;:&quot;classic&quot;,&quot;tc_container_background_parallax&quot;:&quot;no&quot;,&quot;tcg_advanced_hover&quot;:&quot;no&quot;,&quot;tc_dark_mode_responsive_hide_in_dark&quot;:&quot;no&quot;,&quot;tc_dark_mode_responsive_hide_in_light&quot;:&quot;no&quot;}\">\n\t\t\t\t\t<div class=\"e-con-inner\">\n\t\t\t\t<div class=\"elementor-element elementor-element-4f65052 elementor-widget elementor-widget-heading\" data-id=\"4f65052\" data-element_type=\"widget\" data-settings=\"{&quot;tc_dark_mode_responsive_hide_in_dark&quot;:&quot;no&quot;,&quot;tc_dark_mode_responsive_hide_in_light&quot;:&quot;no&quot;}\" data-widget_type=\"heading.default\">\n\t\t\t\t<div class=\"elementor-widget-container\">\n\t\t\t\t\t<h1 class=\"elementor-heading-title elementor-size-default\">Privacy Policy<\/h1>\t\t\t\t<\/div>\n\t\t\t\t<\/div>\n\t\t\t\t\t<\/div>\n\t\t\t\t<\/div>\n\t\t<div class=\"elementor-element elementor-element-50b6aa5 e-flex e-con-boxed e-con e-parent\" data-id=\"50b6aa5\" data-element_type=\"container\" data-settings=\"{&quot;background_background&quot;:&quot;classic&quot;,&quot;tc_container_background_parallax&quot;:&quot;no&quot;,&quot;tcg_advanced_hover&quot;:&quot;no&quot;,&quot;tc_dark_mode_responsive_hide_in_dark&quot;:&quot;no&quot;,&quot;tc_dark_mode_responsive_hide_in_light&quot;:&quot;no&quot;}\">\n\t\t\t\t\t<div class=\"e-con-inner\">\n\t\t\t\t<div class=\"elementor-element elementor-element-207b739 elementor-widget elementor-widget-heading\" data-id=\"207b739\" data-element_type=\"widget\" data-settings=\"{&quot;tc_dark_mode_responsive_hide_in_dark&quot;:&quot;no&quot;,&quot;tc_dark_mode_responsive_hide_in_light&quot;:&quot;no&quot;}\" data-widget_type=\"heading.default\">\n\t\t\t\t<div class=\"elementor-widget-container\">\n\t\t\t\t\t<h2 class=\"elementor-heading-title elementor-size-default\">Information Notice regarding the processing of<br\/> personal data<br\/>\n&<br\/>\nPrivacy Policy\n<\/h2>\t\t\t\t<\/div>\n\t\t\t\t<\/div>\n\t\t\t\t<div class=\"elementor-element elementor-element-75de040 elementor-widget elementor-widget-spacer\" data-id=\"75de040\" data-element_type=\"widget\" data-settings=\"{&quot;tc_dark_mode_responsive_hide_in_dark&quot;:&quot;no&quot;,&quot;tc_dark_mode_responsive_hide_in_light&quot;:&quot;no&quot;}\" data-widget_type=\"spacer.default\">\n\t\t\t\t<div class=\"elementor-widget-container\">\n\t\t\t\t\t\t\t<div class=\"elementor-spacer\">\n\t\t\t<div class=\"elementor-spacer-inner\"><\/div>\n\t\t<\/div>\n\t\t\t\t\t\t<\/div>\n\t\t\t\t<\/div>\n\t\t\t\t<div class=\"elementor-element elementor-element-b14cbdc elementor-widget elementor-widget-text-editor\" data-id=\"b14cbdc\" data-element_type=\"widget\" data-settings=\"{&quot;tc_dark_mode_responsive_hide_in_dark&quot;:&quot;no&quot;,&quot;tc_dark_mode_responsive_hide_in_light&quot;:&quot;no&quot;}\" data-widget_type=\"text-editor.default\">\n\t\t\t\t<div class=\"elementor-widget-container\">\n\t\t\t\t\t\t\t\t\t<p><strong>MIT CLIMA DISTRIBUTION SRL <em>as data controller, provides you with this <span style=\"text-decoration: underline;\">Information Notice<\/span> in order to explain how we process and protect personal data:<\/em><\/strong><\/p><p><em><strong>1. What processing is covered by this Information Notice?<\/strong><\/em><br \/>This <span style=\"text-decoration: underline;\"><strong>Information Notice<\/strong><\/span> applies to the processing of personal data of: visitors and users of the site <a href=\"http:\/\/hava-hvac.com\/en\/\"><strong>hava-hvac.com<\/strong><\/a><\/p><p><em><strong>3. What information do we collect about you?<\/strong><\/em><br \/>We collect and process your personal data when you interact with us (for example, information you provide by filling in forms on our websites, or by corresponding with us by phone, email, or in any other way).<br \/>This includes information you provide when contacting us by email and through other communication activities. The information you provide may include your name, address, email address, and phone number.<br \/>We will not collect or process sensitive personal data about you (for example, information regarding racial or ethnic origin, political opinions, religious or philosophical beliefs, health, sex life, or sexual orientation).<br \/>Each time you visit the website <a href=\"http:\/\/hava-hvac.com\/en\/\"><strong>hava-hvac.com<\/strong><\/a>we automatically collect the following data:<br \/>\u2013 technical data, for example this may include the Internet Protocol (IP) address used to connect your computer to the internet, login information, browser type and version, time zone setting, browser plug-in types and versions, operating system and platform, device type and mobile device brand; this data may also be collected and processed on our behalf through third-party cookies.<br \/>data about your visit, for example this may include full Uniform Resource Locators (URL), clickstream to, through and from <a href=\"http:\/\/hava-hvac.com\/en\/\"><strong>hava-hvac.com<\/strong><\/a> (including date and time), information or products viewed or searched for (including top read articles, top accessed categories, page response times, download errors, length of visits to certain pages (including average time spent on certain pages, viewing of specific content or videos), average time spent in an application and number of views within such applications, average number of articles viewed on <a href=\"http:\/\/hava-hvac.com\/en\/\"><strong>hava-hvac.com<\/strong><\/a>,   information regarding page interaction (such as scrolling, clicks and mouse-overs), methods used to browse the page, data regarding Visitor behavior, and any phone number used to call or email address used to contact our customer service representatives.<br \/>If we obtain your personal data from a third party, we will provide you with all relevant information regarding the processing as soon as possible, but in any case no later than one month from obtaining your personal data, including the categories of personal data processed, the purpose of processing, and its legal basis.<\/p><p><em><strong>3. How do we use personal data and what is the legal basis for processing?<\/strong><\/em><br \/>We may process your personal data where necessary for the performance of a contract concluded with you; where necessary to comply with a legal obligation; where necessary for our legitimate interests and your interests (for example, for fraud detection and prevention or ensuring IT and network security), except where your fundamental rights override such interests; where necessary to protect your vital interests (or those of another person); and\/or where necessary for the public interest or for official purposes.<br \/>We process your personal data for various technical, administrative, and operational reasons, such as ensuring content is presented in the most effective manner for you and your device; improving the website <a href=\"http:\/\/hava-hvac.com\/en\/\"><strong>hava-hvac.com<\/strong><\/a>including its functionality; administering the website and internal operations, including troubleshooting, data analysis, testing, research, statistics, and surveys; for advertising and marketing purposes, including targeted marketing, to provide content, including personalized content, that may be of greater interest to you; as well as part of our efforts to keep the hava-hvac.com website secure.<br \/>In some cases, we will process your personal data only with your consent. In such cases, we will request your consent separately and transparently when you provide your personal data. You may subsequently withdraw your consent at any time by contacting us at <a href=\"mailto:dataprotection@mitclima.ro\">dataprotection@mitclima.ro<\/a>.    However, withdrawal of consent will not affect the lawfulness of any processing carried out prior to such withdrawal.<br \/>Where we request personal data to comply with legal or contractual obligations, the provision of such personal data is mandatory. This means that if such personal data is not provided, we will not be able to manage contractual relationships or comply with our obligations. In all other cases, the provision of personal data is optional and you are not obliged to provide it.<br \/>We may also process your personal data, such as identification data, contact data, and residence address, for the purpose of exercising or defending our rights or claims in the future. This processing is based on our legitimate interest in asserting our rights in the event of potential disputes.<br \/>Most commonly, we will use your personal data in the following situations:<br \/>\u2013 For the purpose of providing services, delivering goods, and processing payments under relevant contracts, we may process your personal data such as identification data, contact data, and banking data. This processing is based on the performance of a contract to which the Clients are a party or on a legal obligation.<br \/>\u2013 If you are a new client, we will contact you by electronic means only if we have your prior consent.<br \/>\u2013 We will not share your personal data with third parties for marketing purposes without your explicit consent.<\/p><p><em><strong>4. How and to whom do we disclose your personal data?<\/strong><\/em><br \/><strong>We do not sell your personal data to third parties.<\/strong><br \/>Personal data may be disclosed to governmental authorities and\/or law enforcement bodies if required by applicable law or if necessary for the exercise of our rights, including terms of use, or for the protection of our legitimate interests (including those of third parties) in accordance with applicable law.<br \/>The company may also disclose personal data to external consultants (for example, lawyers, accountants, auditors) where necessary.<\/p><p><em><strong>5. Storage of your personal data and international transfers<\/strong><\/em><br \/>Your personal data that we collect are stored within the European Union (\u201cEU\u201d) and the European Economic Area (\u201cEEA\u201d). However, information collected by third parties through cookies (for example, via Google Double Click for Publishers) will generally serve traffic from a data center closest to the origin of the traffic. This means that such information, including advertising traffic, may be managed by servers located within the EEA and may be transferred outside the EEA.<br \/>Additionally, your personal data may be transferred to and stored in a location outside the EU and EEA. When your personal data are transferred from your country to another country, the laws and regulations protecting your personal data in the destination country may differ (or provide a lower level of protection) than those in your country.<br \/>We intend not to transfer your personal data outside the EEA unless appropriate safeguards are in place, including: an adequacy decision issued by the European Commission for the destination country or countries; a \u201cprivacy shield\u201d certification; appropriate binding corporate rules; an approved code of conduct together with binding and enforceable commitments of the data controller or processor in a country outside the EU and EEA; an approved certification mechanism together with binding and enforceable commitments of the data controller or processor in a country outside the EU and EEA to apply appropriate safeguards; or EU standard contractual clauses approved by the European Commission.<\/p><p><em><strong>6. Your rights<\/strong><\/em><br \/>You may request confirmation as to whether your personal data are being processed by us, request a copy of your personal data, and\/or request correction. In certain circumstances, you have the right to request the deletion of your personal data or, under the right to data portability, request that part of your personal data be transferred to you or to other entities.<br \/>You also have the right to object to certain processing of your personal data (for example, processing for direct marketing purposes or decisions based solely on automated processing, including profiling). Where we have requested your consent, you have the right to withdraw it without adverse effects.<br \/>Where we process your personal data based on a legitimate interest (as explained above), you also have the right to object to such processing. You also have the right to restrict the processing of your personal data in certain circumstances.<br \/>Please note that your rights described above may be limited in certain situations and are subject to applicable data protection laws and regulations; for example, your right to object may be limited if we can demonstrate compelling legitimate grounds for processing that override your interests.<br \/>You will need to prove your identity and provide additional details to help us respond to your request. We will not charge a fee for responding unless permitted by law, and if such a fee is charged, it will be reasonable and proportionate.<br \/>If you wish to exercise these rights, please contact us at: <a href=\"mailto:dataprotection@mitclima.ro\">dataprotection@mitclima.ro<\/a> .    We aim to respond to all your questions regarding how we process your personal data.<br \/>You also have the right to lodge a complaint with a data protection supervisory authority. You may submit the complaint in the Member State where you reside, work, or where the alleged infringement occurred.<\/p><p><em><strong>7. Contact<\/strong><\/em><br \/>You may contact S.C. MIT CLIMA DISTRIBUTION SRL at the email address: <a href=\"mailto:dataprotection@mitclima.ro\">dataprotection@mitclima.ro<\/a> to obtain more information about transfers and the appropriate safeguards implemented before collecting and using your personal data.<\/p><p style=\"text-align: center;\"><strong>Document last updated on 01.04.2025.<\/strong><\/p>\t\t\t\t\t\t\t\t<\/div>\n\t\t\t\t<\/div>\n\t\t\t\t<div class=\"elementor-element elementor-element-8b80e09 elementor-widget elementor-widget-spacer\" data-id=\"8b80e09\" data-element_type=\"widget\" data-settings=\"{&quot;tc_dark_mode_responsive_hide_in_dark&quot;:&quot;no&quot;,&quot;tc_dark_mode_responsive_hide_in_light&quot;:&quot;no&quot;}\" data-widget_type=\"spacer.default\">\n\t\t\t\t<div class=\"elementor-widget-container\">\n\t\t\t\t\t\t\t<div class=\"elementor-spacer\">\n\t\t\t<div class=\"elementor-spacer-inner\"><\/div>\n\t\t<\/div>\n\t\t\t\t\t\t<\/div>\n\t\t\t\t<\/div>\n\t\t\t\t\t<\/div>\n\t\t\t\t<\/div>\n\t\t\t\t<\/div>","protected":false},"excerpt":{"rendered":"<p>Politica de confiden\u021bialitate Not\u0103 de informare privind prelucrarea datelor cu caracter personal &#038; Politica de confiden\u021bialitate MIT CLIMA DISTRIBUTION SRL \u00een calitate de operator de date v\u0103 transmitem aceast\u0103 Not\u0103 de informare pentru a v\u0103 explica modul \u00een care prelucr\u0103m \u0219i protej\u0103m datele cu caracter personal: 1. Ce prelucrare face obiectul prezentei Note de Informare?Aceast\u0103 Not\u0103 de informare se aplic\u0103 &hellip;<\/p>","protected":false},"author":1,"featured_media":0,"parent":0,"menu_order":0,"comment_status":"closed","ping_status":"open","template":"blank-builder.php","meta":{"footnotes":""},"class_list":["post-3","page","type-page","status-publish","hentry"],"_links":{"self":[{"href":"https:\/\/hava-hvac.com\/en\/wp-json\/wp\/v2\/pages\/3","targetHints":{"allow":["GET"]}}],"collection":[{"href":"https:\/\/hava-hvac.com\/en\/wp-json\/wp\/v2\/pages"}],"about":[{"href":"https:\/\/hava-hvac.com\/en\/wp-json\/wp\/v2\/types\/page"}],"author":[{"embeddable":true,"href":"https:\/\/hava-hvac.com\/en\/wp-json\/wp\/v2\/users\/1"}],"replies":[{"embeddable":true,"href":"https:\/\/hava-hvac.com\/en\/wp-json\/wp\/v2\/comments?post=3"}],"version-history":[{"count":39,"href":"https:\/\/hava-hvac.com\/en\/wp-json\/wp\/v2\/pages\/3\/revisions"}],"predecessor-version":[{"id":4029,"href":"https:\/\/hava-hvac.com\/en\/wp-json\/wp\/v2\/pages\/3\/revisions\/4029"}],"wp:attachment":[{"href":"https:\/\/hava-hvac.com\/en\/wp-json\/wp\/v2\/media?parent=3"}],"curies":[{"name":"wp","href":"https:\/\/api.w.org\/{rel}","templated":true}]}}